{"id":187,"date":"2022-04-25T21:41:59","date_gmt":"2022-04-25T19:41:59","guid":{"rendered":"http:\/\/adansonia.de\/?page_id=187"},"modified":"2025-12-03T11:01:24","modified_gmt":"2025-12-03T10:01:24","slug":"gestalt","status":"publish","type":"page","link":"https:\/\/adansonia.de\/en\/gestalt\/","title":{"rendered":"Gestalt"},"content":{"rendered":"<div data-elementor-type=\"wp-page\" data-elementor-id=\"187\" class=\"elementor elementor-187\">\n\t\t\t\t\t\t<section class=\"elementor-section elementor-top-section elementor-element elementor-element-28343744 elementor-section-height-min-height elementor-section-boxed elementor-section-height-default elementor-section-items-middle\" data-id=\"28343744\" data-element_type=\"section\" data-settings=\"{&quot;background_background&quot;:&quot;classic&quot;,&quot;shape_divider_bottom&quot;:&quot;split&quot;}\">\n\t\t\t\t\t<div class=\"elementor-shape elementor-shape-bottom\" data-negative=\"false\">\n\t\t\t<svg xmlns=\"http:\/\/www.w3.org\/2000\/svg\" viewbox=\"0 0 1000 20\" preserveaspectratio=\"none\">\n\t<path class=\"elementor-shape-fill\" d=\"M0,0v3c0,0,393.8,0,483.4,0c9.2,0,16.6,7.4,16.6,16.6c0-9.1,7.4-16.6,16.6-16.6C606.2,3,1000,3,1000,3V0H0z\"\/>\n<\/svg>\t\t<\/div>\n\t\t\t\t\t<div class=\"elementor-container elementor-column-gap-default\">\n\t\t\t\t\t<div class=\"elementor-column elementor-col-100 elementor-top-column elementor-element elementor-element-5bb1c944\" data-id=\"5bb1c944\" data-element_type=\"column\">\n\t\t\t<div class=\"elementor-widget-wrap elementor-element-populated\">\n\t\t\t\t\t\t<div class=\"elementor-element elementor-element-2106b09 elementor-widget elementor-widget-heading\" data-id=\"2106b09\" data-element_type=\"widget\" data-widget_type=\"heading.default\">\n\t\t\t\t<div class=\"elementor-widget-container\">\n\t\t\t\t\t<h2 class=\"elementor-heading-title elementor-size-default\">Gestalttherapy<\/h2>\t\t\t\t<\/div>\n\t\t\t\t<\/div>\n\t\t\t\t\t<\/div>\n\t\t<\/div>\n\t\t\t\t\t<\/div>\n\t\t<\/section>\n\t\t\t\t<section class=\"elementor-section elementor-top-section elementor-element elementor-element-4eddd1ff elementor-section-height-min-height elementor-section-boxed elementor-section-height-default elementor-section-items-middle\" data-id=\"4eddd1ff\" data-element_type=\"section\" id=\"Wasistgestalt\" data-settings=\"{&quot;background_background&quot;:&quot;classic&quot;}\">\n\t\t\t\t\t\t\t<div class=\"elementor-background-overlay\"><\/div>\n\t\t\t\t\t\t\t<div class=\"elementor-container elementor-column-gap-default\">\n\t\t\t\t\t<div class=\"elementor-column elementor-col-100 elementor-top-column elementor-element elementor-element-3b8af778\" data-id=\"3b8af778\" data-element_type=\"column\">\n\t\t\t<div class=\"elementor-widget-wrap elementor-element-populated\">\n\t\t\t\t\t\t<div class=\"elementor-element elementor-element-6970677 elementor-widget elementor-widget-heading\" data-id=\"6970677\" data-element_type=\"widget\" data-widget_type=\"heading.default\">\n\t\t\t\t<div class=\"elementor-widget-container\">\n\t\t\t\t\t<h2 class=\"elementor-heading-title elementor-size-default\">Was ist Gestalttherapie?<\/h2>\t\t\t\t<\/div>\n\t\t\t\t<\/div>\n\t\t\t\t<div class=\"elementor-element elementor-element-47a8e7d elementor-widget elementor-widget-text-editor\" data-id=\"47a8e7d\" data-element_type=\"widget\" data-widget_type=\"text-editor.default\">\n\t\t\t\t<div class=\"elementor-widget-container\">\n\t\t\t\t\t\t\t\t\t<div><span class=\"author-d-1gg9uz65z1iz85zgdz68zmqkz84zo2qovvusoz65zz81zcjc2z74zz77znamrnz66zz86z06ez66zz77zhz69zsxvwz76z\">Since many people have little idea of Gestalt therapy or think it is an art therapy approach, I will briefly tell you something about the basis of my work.<\/span><\/div><div>\u00a0<\/div><div><span class=\"author-d-1gg9uz65z1iz85zgdz68zmqkz84zo2qovvusoz65zz81zcjc2z74zz77znamrnz66zz86z06ez66zz77zhz69zsxvwz76z\">Gestalt therapy (GT) was founded around 1951 by Laura and Fritz Perls. Fritz is often considered the creator of this form of therapy. However, most Gestaltists today work according to Laura Perls, myself included. <\/span><\/div><div>\u00a0<\/div><div><span class=\"author-d-1gg9uz65z1iz85zgdz68zmqkz84zo2qovvusoz65zz81zcjc2z74zz77znamrnz66zz86z06ez66zz77zhz69zsxvwz76z\">GT has been significantly influenced by different philosophical directions such as various Buddhist schools, existentialism, or Martin Buber's existential philosophy of relationships. <\/span><\/div><div>\u00a0<\/div><div><span class=\"author-d-1gg9uz65z1iz85zgdz68zmqkz84zo2qovvusoz65zz81zcjc2z74zz77znamrnz66zz86z06ez66zz77zhz69zsxvwz76z\">The name is derived from the psychological concept of Gestalt. This describes above all the property of our brain to always recognize the big picture behind the individual parts. Visually, we see animals in cloud formations or the star made of colored dots in the red\/green test. This happens not only visually, but also emotionally. For example, when I say<\/span> <span class=\"author-d-1gg9uz65z1iz85zgdz68zmqkz84zo2qovvusoz65zz81zcjc2z74zz77znamrnz66zz86z06ez66zz77zhz69zsxvwz76z h-ldquo\">\"chistmas\"<\/span><span class=\"author-d-1gg9uz65z1iz85zgdz68zmqkz84zo2qovvusoz65zz81zcjc2z74zz77znamrnz66zz86z06ez66zz77zhz69zsxvwz76z\"> then some probably think of beautiful family celebrations with candlelight and fragrant cookies, others perhaps of quarrelsome evenings and stressful preparations. We immediately fill the word with our own meaning, with our own<\/span> <span class=\"author-d-1gg9uz65z1iz85zgdz68zmqkz84zo2qovvusoz65zz81zcjc2z74zz77znamrnz66zz86z06ez66zz77zhz69zsxvwz76z h-ldquo\">\"Christmas<\/span><span class=\"author-d-1gg9uz65z1iz85zgdz68zmqkz84zo2qovvusoz65zz81zcjc2z74zz77znamrnz66zz86z06ez66zz77zhz69zsxvwz76z\"> -Gestalt\" In fact, every experience we have, every encounter we have is its own Gestalt. These shapes can become<\/span> <span class=\"author-d-1gg9uz65z1iz85zgdz68zmqkz84zo2qovvusoz65zz81zcjc2z74zz77znamrnz66zz86z06ez66zz77zhz69zsxvwz76z h-ldquo\">an \"open<\/span><span class=\"author-d-1gg9uz65z1iz85zgdz68zmqkz84zo2qovvusoz65zz81zcjc2z74zz77znamrnz66zz86z06ez66zz77zhz69zsxvwz76z\"> Gestalt\" when they contain unfinished issues. If the family had reconciled at the end of the stressful Christmas celebration, the figure closes. If the conflicts remain unresolved, the figure remains open. Accordingly, traumas are also to be understood as open figures, because here, too, a past situation did not have a good conclusion (which, in the case of traumas, would have consisted of a successful fight or successful escape). Thus, one of the main concerns of Gestalt therapy is to close these open gestalt. <\/span><\/div><div>\u00a0<\/div><div><span class=\"author-d-1gg9uz65z1iz85zgdz68zmqkz84zo2qovvusoz65zz81zcjc2z74zz77znamrnz66zz86z06ez66zz77zhz69zsxvwz76z\">Gestalt is special in that it is not method-bound. This means that there is not only one method according to which work is done and also the Gestalt itself is not a method, but it defines the basis, in the sense of eye level, contact and healing mechanisms, on the basis of which a healing work can arise. <\/span><\/div><div>\u00a0<\/div><div><span class=\"author-d-1gg9uz65z1iz85zgdz68zmqkz84zo2qovvusoz65zz81zcjc2z74zz77znamrnz66zz86z06ez66zz77zhz69zsxvwz76z\">One of the most important basic assumptions of Gestalt is that change happens largely through experience. Understanding circumstances or reasons can be helpful and relieving, but often does not bring about great change. In Gestalt we therefore try to bring things into experience and make them tangible with all the possibilities available to us. \u00a0For this purpose, methods are individually adapted to the needs of the clients or developed especially for them. In this way, each person receives the support that best suits him or her.<br \/><\/span><\/div>\t\t\t\t\t\t\t\t<\/div>\n\t\t\t\t<\/div>\n\t\t\t\t\t<\/div>\n\t\t<\/div>\n\t\t\t\t\t<\/div>\n\t\t<\/section>\n\t\t\t\t<section class=\"elementor-section elementor-top-section elementor-element elementor-element-3421271a elementor-section-height-min-height elementor-section-boxed elementor-section-height-default elementor-section-items-middle\" data-id=\"3421271a\" data-element_type=\"section\" id=\"Gestaltgruppe\" data-settings=\"{&quot;background_background&quot;:&quot;classic&quot;,&quot;shape_divider_top&quot;:&quot;split&quot;}\">\n\t\t\t\t\t<div class=\"elementor-shape elementor-shape-top\" data-negative=\"false\">\n\t\t\t<svg xmlns=\"http:\/\/www.w3.org\/2000\/svg\" viewbox=\"0 0 1000 20\" preserveaspectratio=\"none\">\n\t<path class=\"elementor-shape-fill\" d=\"M0,0v3c0,0,393.8,0,483.4,0c9.2,0,16.6,7.4,16.6,16.6c0-9.1,7.4-16.6,16.6-16.6C606.2,3,1000,3,1000,3V0H0z\"\/>\n<\/svg>\t\t<\/div>\n\t\t\t\t\t<div class=\"elementor-container elementor-column-gap-default\">\n\t\t\t\t\t<div class=\"elementor-column elementor-col-100 elementor-top-column elementor-element elementor-element-dc915b\" data-id=\"dc915b\" data-element_type=\"column\">\n\t\t\t<div class=\"elementor-widget-wrap elementor-element-populated\">\n\t\t\t\t\t\t<div class=\"elementor-element elementor-element-333bac3 elementor-widget elementor-widget-heading\" data-id=\"333bac3\" data-element_type=\"widget\" data-widget_type=\"heading.default\">\n\t\t\t\t<div class=\"elementor-widget-container\">\n\t\t\t\t\t<h2 class=\"elementor-heading-title elementor-size-default\">Therapiegruppe<\/h2>\t\t\t\t<\/div>\n\t\t\t\t<\/div>\n\t\t\t\t<div class=\"elementor-element elementor-element-92b6815 elementor-widget elementor-widget-heading\" data-id=\"92b6815\" data-element_type=\"widget\" data-widget_type=\"heading.default\">\n\t\t\t\t<div class=\"elementor-widget-container\">\n\t\t\t\t\t<h2 class=\"elementor-heading-title elementor-size-default\">Hurra, die Welt geht unter!<\/h2>\t\t\t\t<\/div>\n\t\t\t\t<\/div>\n\t\t\t\t<div class=\"elementor-element elementor-element-aa64a81 elementor-widget elementor-widget-heading\" data-id=\"aa64a81\" data-element_type=\"widget\" data-widget_type=\"heading.default\">\n\t\t\t\t<div class=\"elementor-widget-container\">\n\t\t\t\t\t<h2 class=\"elementor-heading-title elementor-size-default\">Unterst\u00fctzung beim Umgang mit globalen und pers\u00f6nlichen Krisen.<\/h2>\t\t\t\t<\/div>\n\t\t\t\t<\/div>\n\t\t\t\t<div class=\"elementor-element elementor-element-16cc104 elementor-widget__width-inherit elementor-widget elementor-widget-text-editor\" data-id=\"16cc104\" data-element_type=\"widget\" data-widget_type=\"text-editor.default\">\n\t\t\t\t<div class=\"elementor-widget-container\">\n\t\t\t\t\t\t\t\t\t<p>&#8222;Hurra, die Welt geht unter&#8220;, singen K.I.Z. in ihrer gleichnamigen Hymne \u00fcber die Transformation unserer Gesellschaft, \u00fcber den Neuanfang, der aus Krisen resultiert. Mit den aufkommenden und sich zuspitzenden globalen Krisen, sind viele Menschen mit Wut, Angst und Ohmmacht konfrontiert, f\u00fchlen sich verloren und verzweifelt und suchen nach Halt in dieser schnelllebigen und zum teil bedrohlichen Zeit. Wie man sich diesen Gef\u00fchlen stellt und einen gesunden Umgang mit den pers\u00f6nlichen und globalen Krisen findet, war schon vor zwei Jahren das Thema meines Workshops auf der DVG Jahrestagung in Leipzig. Auf Basis des positiven Feedbacks und des dringenden Bedarfs, habe ich mich entschieden, dieses Workshopformat in das einer Gestaltgruppe zu transformieren. Diese werde ich ab Dezember 2024 in G\u00f6ttingen anbieten. Bei Interesse kontaktiere mich gerne per Mail oder telefonisch. \u00dcber den Telegrammkanal <a href=\"https:\/\/t.me\/Gestaltgruppe\"><strong>t.me\/Gestaltgruppe<\/strong><\/a> k\u00f6nnt ihr auf aktuelle Informationen zugreifen und auf dem Laufenden bleiben.<\/p><p>Die Gruppe findet jeden dritten Donnerstag im Monat von 18:00-21:00\u00a0 bei mir in der Langen-Geismar-Stra\u00dfe 4 statt und ist auf Spendenbasis (Spendenempfehlung 20\u20ac). Die Teilnehmerzahl ist auf 8 Personen begrenzt, melde dich also bitte per Mail bei mir an, wenn du zu einem Abend kommen m\u00f6chtest.<\/p><p>Ich freue mich sehr auf euch!<\/p>\t\t\t\t\t\t\t\t<\/div>\n\t\t\t\t<\/div>\n\t\t\t\t\t<\/div>\n\t\t<\/div>\n\t\t\t\t\t<\/div>\n\t\t<\/section>\n\t\t\t\t<section class=\"elementor-section elementor-top-section elementor-element elementor-element-691064f1 elementor-section-content-top elementor-section-height-min-height elementor-section-boxed elementor-section-height-default elementor-section-items-middle\" data-id=\"691064f1\" data-element_type=\"section\" data-settings=\"{&quot;background_background&quot;:&quot;classic&quot;}\">\n\t\t\t\t\t\t<div class=\"elementor-container elementor-column-gap-default\">\n\t\t\t\t\t<div class=\"elementor-column elementor-col-25 elementor-top-column elementor-element elementor-element-7ae2513a\" data-id=\"7ae2513a\" data-element_type=\"column\">\n\t\t\t<div class=\"elementor-widget-wrap elementor-element-populated\">\n\t\t\t\t\t\t<div class=\"elementor-element elementor-element-5073ab00 elementor-widget elementor-widget-image\" data-id=\"5073ab00\" data-element_type=\"widget\" data-widget_type=\"image.default\">\n\t\t\t\t<div class=\"elementor-widget-container\">\n\t\t\t\t\t\t\t\t\t\t\t\t\t\t\t<img fetchpriority=\"high\" decoding=\"async\" width=\"600\" height=\"636\" src=\"https:\/\/adansonia.de\/wp-content\/uploads\/2022\/05\/logo-browser-bunt-2-1-e1653393932550-600x636.png\" class=\"attachment-large size-large wp-image-1034\" alt=\"\" srcset=\"https:\/\/adansonia.de\/wp-content\/uploads\/2022\/05\/logo-browser-bunt-2-1-e1653393932550-600x636.png 600w, https:\/\/adansonia.de\/wp-content\/uploads\/2022\/05\/logo-browser-bunt-2-1-e1653393932550-768x814.png 768w, https:\/\/adansonia.de\/wp-content\/uploads\/2022\/05\/logo-browser-bunt-2-1-e1653393932550-1449x1536.png 1449w, https:\/\/adansonia.de\/wp-content\/uploads\/2022\/05\/logo-browser-bunt-2-1-e1653393932550-1932x2048.png 1932w\" sizes=\"(max-width: 600px) 100vw, 600px\" \/>\t\t\t\t\t\t\t\t\t\t\t\t\t\t\t<\/div>\n\t\t\t\t<\/div>\n\t\t\t\t\t<\/div>\n\t\t<\/div>\n\t\t\t\t<div class=\"elementor-column elementor-col-25 elementor-top-column elementor-element elementor-element-4e5d1961\" data-id=\"4e5d1961\" data-element_type=\"column\">\n\t\t\t<div class=\"elementor-widget-wrap elementor-element-populated\">\n\t\t\t\t\t\t<div class=\"elementor-element elementor-element-32aa99af elementor-widget elementor-widget-heading\" data-id=\"32aa99af\" data-element_type=\"widget\" data-widget_type=\"heading.default\">\n\t\t\t\t<div class=\"elementor-widget-container\">\n\t\t\t\t\t<h2 class=\"elementor-heading-title elementor-size-default\">Navigation<\/h2>\t\t\t\t<\/div>\n\t\t\t\t<\/div>\n\t\t\t\t<div class=\"elementor-element elementor-element-802b7bb elementor-mobile-align-center elementor-align-left elementor-list-item-link-full_width elementor-widget elementor-widget-icon-list\" data-id=\"802b7bb\" data-element_type=\"widget\" data-widget_type=\"icon-list.default\">\n\t\t\t\t<div class=\"elementor-widget-container\">\n\t\t\t\t\t\t\t<ul class=\"elementor-icon-list-items\">\n\t\t\t\t\t\t\t<li class=\"elementor-icon-list-item\">\n\t\t\t\t\t\t\t\t\t\t\t<a href=\"http:\/\/adansonia.de\/en\/\">\n\n\t\t\t\t\t\t\t\t\t\t\t<span class=\"elementor-icon-list-text\">Home<\/span>\n\t\t\t\t\t\t\t\t\t\t\t<\/a>\n\t\t\t\t\t\t\t\t\t<\/li>\n\t\t\t\t\t\t\t\t<li class=\"elementor-icon-list-item\">\n\t\t\t\t\t\t\t\t\t\t\t<a href=\"http:\/\/adansonia.de\/en\/ueber-mich\/\">\n\n\t\t\t\t\t\t\t\t\t\t\t<span class=\"elementor-icon-list-text\">About Me<\/span>\n\t\t\t\t\t\t\t\t\t\t\t<\/a>\n\t\t\t\t\t\t\t\t\t<\/li>\n\t\t\t\t\t\t\t\t<li class=\"elementor-icon-list-item\">\n\t\t\t\t\t\t\t\t\t\t\t<a href=\"http:\/\/adansonia.de\/en\/gestalt\/\">\n\n\t\t\t\t\t\t\t\t\t\t\t<span class=\"elementor-icon-list-text\">Gestalt<\/span>\n\t\t\t\t\t\t\t\t\t\t\t<\/a>\n\t\t\t\t\t\t\t\t\t<\/li>\n\t\t\t\t\t\t\t\t<li class=\"elementor-icon-list-item\">\n\t\t\t\t\t\t\t\t\t\t\t<a href=\"http:\/\/adansonia.de\/en\/supervision\/\">\n\n\t\t\t\t\t\t\t\t\t\t\t<span class=\"elementor-icon-list-text\">Supervision<\/span>\n\t\t\t\t\t\t\t\t\t\t\t<\/a>\n\t\t\t\t\t\t\t\t\t<\/li>\n\t\t\t\t\t\t\t\t<li class=\"elementor-icon-list-item\">\n\t\t\t\t\t\t\t\t\t\t\t<a href=\"http:\/\/adansonia.de\/en\/kontakt\/\">\n\n\t\t\t\t\t\t\t\t\t\t\t<span class=\"elementor-icon-list-text\">Contact<\/span>\n\t\t\t\t\t\t\t\t\t\t\t<\/a>\n\t\t\t\t\t\t\t\t\t<\/li>\n\t\t\t\t\t\t<\/ul>\n\t\t\t\t\t\t<\/div>\n\t\t\t\t<\/div>\n\t\t\t\t\t<\/div>\n\t\t<\/div>\n\t\t\t\t<div class=\"elementor-column elementor-col-25 elementor-top-column elementor-element elementor-element-140b6f80\" data-id=\"140b6f80\" data-element_type=\"column\">\n\t\t\t<div class=\"elementor-widget-wrap elementor-element-populated\">\n\t\t\t\t\t\t<div class=\"elementor-element elementor-element-18e0fb33 elementor-widget elementor-widget-heading\" data-id=\"18e0fb33\" data-element_type=\"widget\" data-widget_type=\"heading.default\">\n\t\t\t\t<div class=\"elementor-widget-container\">\n\t\t\t\t\t<h2 class=\"elementor-heading-title elementor-size-default\">Contact me<\/h2>\t\t\t\t<\/div>\n\t\t\t\t<\/div>\n\t\t\t\t<div class=\"elementor-element elementor-element-1d843c04 elementor-widget elementor-widget-text-editor\" data-id=\"1d843c04\" data-element_type=\"widget\" data-widget_type=\"text-editor.default\">\n\t\t\t\t<div class=\"elementor-widget-container\">\n\t\t\t\t\t\t\t\t\t<p>Lea Rania L\u00f6chel<\/p><p>Groner-Tor-Stra\u00dfe 8<\/p><p>lea@adansonia.de<\/p><p>01573 6695508<\/p><p><a href=\"http:\/\/adansonia.de\/en\/impressum\/\">Imprint \/ Privacy<\/a><\/p>\t\t\t\t\t\t\t\t<\/div>\n\t\t\t\t<\/div>\n\t\t\t\t\t<\/div>\n\t\t<\/div>\n\t\t\t\t<div class=\"elementor-column elementor-col-25 elementor-top-column elementor-element elementor-element-250f49f7\" data-id=\"250f49f7\" data-element_type=\"column\">\n\t\t\t<div class=\"elementor-widget-wrap elementor-element-populated\">\n\t\t\t\t\t\t<div class=\"elementor-element elementor-element-6df57501 elementor-widget elementor-widget-heading\" data-id=\"6df57501\" data-element_type=\"widget\" data-widget_type=\"heading.default\">\n\t\t\t\t<div class=\"elementor-widget-container\">\n\t\t\t\t\t<h2 class=\"elementor-heading-title elementor-size-default\">Social media<\/h2>\t\t\t\t<\/div>\n\t\t\t\t<\/div>\n\t\t\t\t<div class=\"elementor-element elementor-element-676c9f68 e-grid-align-left e-grid-align-mobile-center elementor-shape-rounded elementor-grid-0 elementor-widget elementor-widget-social-icons\" data-id=\"676c9f68\" data-element_type=\"widget\" data-widget_type=\"social-icons.default\">\n\t\t\t\t<div class=\"elementor-widget-container\">\n\t\t\t\t\t\t\t<div class=\"elementor-social-icons-wrapper elementor-grid\">\n\t\t\t\t\t\t\t<span class=\"elementor-grid-item\">\n\t\t\t\t\t<a class=\"elementor-icon elementor-social-icon elementor-social-icon-facebook-f elementor-animation-float elementor-repeater-item-b0a5f71\" href=\"https:\/\/www.facebook.com\/LeaRaniaLoechel\/\" target=\"_blank\">\n\t\t\t\t\t\t<span class=\"elementor-screen-only\">Facebook-f<\/span>\n\t\t\t\t\t\t<i class=\"fab fa-facebook-f\"><\/i>\t\t\t\t\t<\/a>\n\t\t\t\t<\/span>\n\t\t\t\t\t\t\t<span class=\"elementor-grid-item\">\n\t\t\t\t\t<a class=\"elementor-icon elementor-social-icon elementor-social-icon-instagram elementor-animation-float elementor-repeater-item-b39c128\" href=\"https:\/\/www.instagram.com\/adansonia_gestalt\/\" target=\"_blank\">\n\t\t\t\t\t\t<span class=\"elementor-screen-only\">Instagram<\/span>\n\t\t\t\t\t\t<i class=\"fab fa-instagram\"><\/i>\t\t\t\t\t<\/a>\n\t\t\t\t<\/span>\n\t\t\t\t\t<\/div>\n\t\t\t\t\t\t<\/div>\n\t\t\t\t<\/div>\n\t\t\t\t\t<\/div>\n\t\t<\/div>\n\t\t\t\t\t<\/div>\n\t\t<\/section>\n\t\t\t\t<\/div>","protected":false},"excerpt":{"rendered":"<p>Gestalttherapie Was ist Gestalttherapie? Da sich viele Menschen unter Gestalttherapie nur wenig vorstellen k\u00f6nnen oder glauben, es w\u00e4re ein kunsttherapeutischer Ansatz, erz\u00e4hle ich kurz etwas \u00fcber die Basis meiner Arbeit.\u00a0Die Gestalttherapie (GT) wurde ca. 1951 von Laura und Fritz Perls begr\u00fcndet. H\u00e4ufig gilt Fritz als der Sch\u00f6pfer dieser Therapieform. Die meisten Gestaltler arbeiten heutzutage aber [&hellip;]<\/p>","protected":false},"author":1,"featured_media":0,"parent":0,"menu_order":0,"comment_status":"closed","ping_status":"closed","template":"","meta":{"_monsterinsights_skip_tracking":false,"_monsterinsights_sitenote_active":false,"_monsterinsights_sitenote_note":"","_monsterinsights_sitenote_category":0,"ocean_post_layout":"full-screen","ocean_both_sidebars_style":"","ocean_both_sidebars_content_width":0,"ocean_both_sidebars_sidebars_width":0,"ocean_sidebar":"0","ocean_second_sidebar":"0","ocean_disable_margins":"enable","ocean_add_body_class":"","ocean_shortcode_before_top_bar":"","ocean_shortcode_after_top_bar":"","ocean_shortcode_before_header":"","ocean_shortcode_after_header":"","ocean_has_shortcode":"","ocean_shortcode_after_title":"","ocean_shortcode_before_footer_widgets":"","ocean_shortcode_after_footer_widgets":"","ocean_shortcode_before_footer_bottom":"","ocean_shortcode_after_footer_bottom":"","ocean_display_top_bar":"off","ocean_display_header":"default","ocean_header_style":"","ocean_center_header_left_menu":"0","ocean_custom_header_template":"0","ocean_custom_logo":0,"ocean_custom_retina_logo":0,"ocean_custom_logo_max_width":0,"ocean_custom_logo_tablet_max_width":0,"ocean_custom_logo_mobile_max_width":0,"ocean_custom_logo_max_height":0,"ocean_custom_logo_tablet_max_height":0,"ocean_custom_logo_mobile_max_height":0,"ocean_header_custom_menu":"0","ocean_menu_typo_font_family":"0","ocean_menu_typo_font_subset":"","ocean_menu_typo_font_size":0,"ocean_menu_typo_font_size_tablet":0,"ocean_menu_typo_font_size_mobile":0,"ocean_menu_typo_font_size_unit":"px","ocean_menu_typo_font_weight":"","ocean_menu_typo_font_weight_tablet":"","ocean_menu_typo_font_weight_mobile":"","ocean_menu_typo_transform":"","ocean_menu_typo_transform_tablet":"","ocean_menu_typo_transform_mobile":"","ocean_menu_typo_line_height":0,"ocean_menu_typo_line_height_tablet":0,"ocean_menu_typo_line_height_mobile":0,"ocean_menu_typo_line_height_unit":"","ocean_menu_typo_spacing":0,"ocean_menu_typo_spacing_tablet":0,"ocean_menu_typo_spacing_mobile":0,"ocean_menu_typo_spacing_unit":"","ocean_menu_link_color":"","ocean_menu_link_color_hover":"","ocean_menu_link_color_active":"","ocean_menu_link_background":"","ocean_menu_link_hover_background":"","ocean_menu_link_active_background":"","ocean_menu_social_links_bg":"","ocean_menu_social_hover_links_bg":"","ocean_menu_social_links_color":"","ocean_menu_social_hover_links_color":"","ocean_disable_title":"on","ocean_disable_heading":"default","ocean_post_title":"","ocean_post_subheading":"","ocean_post_title_style":"","ocean_post_title_background_color":"","ocean_post_title_background":0,"ocean_post_title_bg_image_position":"","ocean_post_title_bg_image_attachment":"","ocean_post_title_bg_image_repeat":"","ocean_post_title_bg_image_size":"","ocean_post_title_height":0,"ocean_post_title_bg_overlay":0.5,"ocean_post_title_bg_overlay_color":"","ocean_disable_breadcrumbs":"default","ocean_breadcrumbs_color":"","ocean_breadcrumbs_separator_color":"","ocean_breadcrumbs_links_color":"","ocean_breadcrumbs_links_hover_color":"","ocean_display_footer_widgets":"off","ocean_display_footer_bottom":"off","ocean_custom_footer_template":"0","footnotes":""},"class_list":["post-187","page","type-page","status-publish","hentry","entry"],"aioseo_notices":[],"_links":{"self":[{"href":"https:\/\/adansonia.de\/en\/wp-json\/wp\/v2\/pages\/187","targetHints":{"allow":["GET"]}}],"collection":[{"href":"https:\/\/adansonia.de\/en\/wp-json\/wp\/v2\/pages"}],"about":[{"href":"https:\/\/adansonia.de\/en\/wp-json\/wp\/v2\/types\/page"}],"author":[{"embeddable":true,"href":"https:\/\/adansonia.de\/en\/wp-json\/wp\/v2\/users\/1"}],"replies":[{"embeddable":true,"href":"https:\/\/adansonia.de\/en\/wp-json\/wp\/v2\/comments?post=187"}],"version-history":[{"count":10,"href":"https:\/\/adansonia.de\/en\/wp-json\/wp\/v2\/pages\/187\/revisions"}],"predecessor-version":[{"id":1267,"href":"https:\/\/adansonia.de\/en\/wp-json\/wp\/v2\/pages\/187\/revisions\/1267"}],"wp:attachment":[{"href":"https:\/\/adansonia.de\/en\/wp-json\/wp\/v2\/media?parent=187"}],"curies":[{"name":"wp","href":"https:\/\/api.w.org\/{rel}","templated":true}]}}